{"id":12297,"date":"2026-01-30T14:17:21","date_gmt":"2026-01-30T13:17:21","guid":{"rendered":"https:\/\/machn-festival.de\/?page_id=12297"},"modified":"2026-02-12T15:11:15","modified_gmt":"2026-02-12T14:11:15","slug":"marko-uhlig","status":"publish","type":"page","link":"https:\/\/machn-festival.de\/cs\/speaker\/marko-uhlig\/","title":{"rendered":"Marko Uhlig"},"content":{"rendered":"<div data-elementor-type=\"wp-page\" data-elementor-id=\"12297\" class=\"elementor elementor-12297\" data-elementor-post-type=\"page\">\n\t\t\t\t<div class=\"elementor-element elementor-element-8a05073 e-con-full e-flex e-con e-parent\" data-id=\"8a05073\" data-element_type=\"container\">\n\t\t\t\t<div class=\"elementor-element elementor-element-64c8d86 elementor-widget elementor-widget-image\" data-id=\"64c8d86\" data-element_type=\"widget\" data-widget_type=\"image.default\">\n\t\t\t\t<div class=\"elementor-widget-container\">\n\t\t\t\t\t\t\t\t\t\t\t\t\t\t\t<img decoding=\"async\" src=\"https:\/\/machn-festival.de\/wp-content\/uploads\/2025\/11\/background26_04.svg\" title=\"background26_04\" alt=\"background26_04\" loading=\"lazy\" \/>\t\t\t\t\t\t\t\t\t\t\t\t\t\t\t<\/div>\n\t\t\t\t<\/div>\n\t\t\t\t<\/div>\n\t\t\t\t<section class=\"elementor-section elementor-top-section elementor-element elementor-element-58deabf elementor-section-stretched elementor-section-height-min-height elementor-section-boxed elementor-section-height-default elementor-section-items-middle\" data-id=\"58deabf\" data-element_type=\"section\" data-settings=\"{&quot;stretch_section&quot;:&quot;section-stretched&quot;,&quot;background_background&quot;:&quot;classic&quot;}\">\n\t\t\t\t\t\t\t<div class=\"elementor-background-overlay\"><\/div>\n\t\t\t\t\t\t\t<div class=\"elementor-container elementor-column-gap-extended\">\n\t\t\t\t\t<div class=\"elementor-column elementor-col-100 elementor-top-column elementor-element elementor-element-ed62315\" data-id=\"ed62315\" data-element_type=\"column\">\n\t\t\t<div class=\"elementor-widget-wrap elementor-element-populated\">\n\t\t\t\t\t\t<section class=\"elementor-section elementor-inner-section elementor-element elementor-element-9d98067 elementor-section-content-middle elementor-reverse-tablet elementor-reverse-mobile elementor-section-boxed elementor-section-height-default elementor-section-height-default\" data-id=\"9d98067\" data-element_type=\"section\">\n\t\t\t\t\t\t<div class=\"elementor-container elementor-column-gap-default\">\n\t\t\t\t\t<div class=\"elementor-column elementor-col-50 elementor-inner-column elementor-element elementor-element-04ef314\" data-id=\"04ef314\" data-element_type=\"column\">\n\t\t\t<div class=\"elementor-widget-wrap elementor-element-populated\">\n\t\t\t\t\t\t<div class=\"elementor-element elementor-element-2666d76 e-transform elementor-widget elementor-widget-image\" data-id=\"2666d76\" data-element_type=\"widget\" data-settings=\"{&quot;_transform_rotateZ_effect&quot;:{&quot;unit&quot;:&quot;px&quot;,&quot;size&quot;:2,&quot;sizes&quot;:[]},&quot;_transform_rotateZ_effect_tablet&quot;:{&quot;unit&quot;:&quot;deg&quot;,&quot;size&quot;:&quot;&quot;,&quot;sizes&quot;:[]},&quot;_transform_rotateZ_effect_mobile&quot;:{&quot;unit&quot;:&quot;deg&quot;,&quot;size&quot;:&quot;&quot;,&quot;sizes&quot;:[]}}\" data-widget_type=\"image.default\">\n\t\t\t\t<div class=\"elementor-widget-container\">\n\t\t\t\t\t\t\t\t\t\t\t\t\t\t\t<img fetchpriority=\"high\" decoding=\"async\" width=\"400\" height=\"400\" src=\"https:\/\/machn-festival.de\/wp-content\/uploads\/2026\/01\/Marko-Uhlig.png\" class=\"attachment-large size-large wp-image-12167\" alt=\"\" srcset=\"https:\/\/machn-festival.de\/wp-content\/uploads\/2026\/01\/Marko-Uhlig.png 400w, https:\/\/machn-festival.de\/wp-content\/uploads\/2026\/01\/Marko-Uhlig-300x300.png 300w, https:\/\/machn-festival.de\/wp-content\/uploads\/2026\/01\/Marko-Uhlig-150x150.png 150w, https:\/\/machn-festival.de\/wp-content\/uploads\/2026\/01\/Marko-Uhlig-75x75.png 75w\" sizes=\"(max-width:767px) 400px, 400px\" \/>\t\t\t\t\t\t\t\t\t\t\t\t\t\t\t<\/div>\n\t\t\t\t<\/div>\n\t\t\t\t\t<\/div>\n\t\t<\/div>\n\t\t\t\t<div class=\"elementor-column elementor-col-50 elementor-inner-column elementor-element elementor-element-bcba557\" data-id=\"bcba557\" data-element_type=\"column\">\n\t\t\t<div class=\"elementor-widget-wrap elementor-element-populated\">\n\t\t\t\t\t\t<div class=\"elementor-element elementor-element-6f3ec2d elementor-headline--style-highlight elementor-widget elementor-widget-animated-headline\" data-id=\"6f3ec2d\" data-element_type=\"widget\" data-settings=\"{&quot;highlighted_text&quot;:&quot;Uhlig&quot;,&quot;marker&quot;:&quot;underline&quot;,&quot;headline_style&quot;:&quot;highlight&quot;,&quot;loop&quot;:&quot;yes&quot;,&quot;highlight_animation_duration&quot;:1200,&quot;highlight_iteration_delay&quot;:8000}\" data-widget_type=\"animated-headline.default\">\n\t\t\t\t<div class=\"elementor-widget-container\">\n\t\t\t\t\t\t\t<h3 class=\"elementor-headline\">\n\t\t\t\t\t<span class=\"elementor-headline-plain-text elementor-headline-text-wrapper\">Marek<\/span>\n\t\t\t\t<span class=\"elementor-headline-dynamic-wrapper elementor-headline-text-wrapper\">\n\t\t\t\t\t<span class=\"elementor-headline-dynamic-text elementor-headline-text-active\">Uhlig<\/span>\n\t\t\t\t<\/span>\n\t\t\t\t<\/h3>\n\t\t\t\t\t\t<\/div>\n\t\t\t\t<\/div>\n\t\t\t\t<div class=\"elementor-element elementor-element-dbaebc9 elementor-widget elementor-widget-text-editor\" data-id=\"dbaebc9\" data-element_type=\"widget\" data-widget_type=\"text-editor.default\">\n\t\t\t\t<div class=\"elementor-widget-container\">\n\t\t\t\t\t\t\t\t\t<p>C\u00ednovec Lithium s.r.o.<\/p>\t\t\t\t\t\t\t\t<\/div>\n\t\t\t\t<\/div>\n\t\t\t\t<div class=\"elementor-element elementor-element-0f17e4a elementor-widget elementor-widget-heading\" data-id=\"0f17e4a\" data-element_type=\"widget\" data-widget_type=\"heading.default\">\n\t\t\t\t<div class=\"elementor-widget-container\">\n\t\t\t\t\t<h2 class=\"elementor-heading-title elementor-size-default\">V\u00fdkonn\u00fd \u0159editel<\/h2>\t\t\t\t<\/div>\n\t\t\t\t<\/div>\n\t\t\t\t<div class=\"elementor-element elementor-element-4f6746b elementor-shape-circle e-grid-align-left elementor-widget__width-initial elementor-grid-0 elementor-widget elementor-widget-social-icons\" data-id=\"4f6746b\" data-element_type=\"widget\" data-widget_type=\"social-icons.default\">\n\t\t\t\t<div class=\"elementor-widget-container\">\n\t\t\t\t\t\t\t<div class=\"elementor-social-icons-wrapper elementor-grid\">\n\t\t\t\t\t\t\t<span class=\"elementor-grid-item\">\n\t\t\t\t\t<a class=\"elementor-icon elementor-social-icon elementor-social-icon-linkedin elementor-repeater-item-b86b846\" href=\"https:\/\/www.linkedin.com\/in\/markouhlig\/\" target=\"_blank\">\n\t\t\t\t\t\t<span class=\"elementor-screen-only\">Linkedin<\/span>\n\t\t\t\t\t\t<i aria-hidden=\"true\" class=\"fab fa-linkedin\"><\/i>\t\t\t\t\t<\/a>\n\t\t\t\t<\/span>\n\t\t\t\t\t<\/div>\n\t\t\t\t\t\t<\/div>\n\t\t\t\t<\/div>\n\t\t\t\t\t<\/div>\n\t\t<\/div>\n\t\t\t\t\t<\/div>\n\t\t<\/section>\n\t\t\t\t<section class=\"elementor-section elementor-inner-section elementor-element elementor-element-7273dd4 elementor-section-boxed elementor-section-height-default elementor-section-height-default\" data-id=\"7273dd4\" data-element_type=\"section\">\n\t\t\t\t\t\t<div class=\"elementor-container elementor-column-gap-no\">\n\t\t\t\t\t<div class=\"elementor-column elementor-col-100 elementor-inner-column elementor-element elementor-element-f404005\" data-id=\"f404005\" data-element_type=\"column\">\n\t\t\t<div class=\"elementor-widget-wrap elementor-element-populated\">\n\t\t\t\t\t\t<div class=\"elementor-element elementor-element-6f5e3b8 elementor-widget elementor-widget-heading\" data-id=\"6f5e3b8\" data-element_type=\"widget\" data-widget_type=\"heading.default\">\n\t\t\t\t<div class=\"elementor-widget-container\">\n\t\t\t\t\t<h3 class=\"elementor-heading-title elementor-size-default\">\u201eV\u00fdchodn\u00ed Kru\u0161noho\u0159\u00ed mluv\u00edme o jednom z nejv\u011bt\u0161\u00edch nalezi\u0161\u0165 v Evrop\u011b.\u201c<\/h3>\t\t\t\t<\/div>\n\t\t\t\t<\/div>\n\t\t\t\t\t<\/div>\n\t\t<\/div>\n\t\t\t\t\t<\/div>\n\t\t<\/section>\n\t\t\t\t<section class=\"elementor-section elementor-inner-section elementor-element elementor-element-0e0aac1 elementor-section-boxed elementor-section-height-default elementor-section-height-default\" data-id=\"0e0aac1\" data-element_type=\"section\">\n\t\t\t\t\t\t<div class=\"elementor-container elementor-column-gap-no\">\n\t\t\t\t\t<div class=\"elementor-column elementor-col-50 elementor-inner-column elementor-element elementor-element-48aae73\" data-id=\"48aae73\" data-element_type=\"column\">\n\t\t\t<div class=\"elementor-widget-wrap elementor-element-populated\">\n\t\t\t\t\t\t<div class=\"elementor-element elementor-element-6f2d3b3 elementor-align-left elementor-widget__width-initial elementor-mobile-align-center elementor-tablet-align-center elementor-widget elementor-widget-button\" data-id=\"6f2d3b3\" data-element_type=\"widget\" data-widget_type=\"button.default\">\n\t\t\t\t<div class=\"elementor-widget-container\">\n\t\t\t\t\t\t\t\t\t<div class=\"elementor-button-wrapper\">\n\t\t\t\t\t<a class=\"elementor-button elementor-size-sm\" role=\"button\">\n\t\t\t\t\t\t<span class=\"elementor-button-content-wrapper\">\n\t\t\t\t\t\t\t\t\t<span class=\"elementor-button-text\">Li<\/span>\n\t\t\t\t\t<\/span>\n\t\t\t\t\t<\/a>\n\t\t\t\t<\/div>\n\t\t\t\t\t\t\t\t<\/div>\n\t\t\t\t<\/div>\n\t\t\t\t<div class=\"elementor-element elementor-element-205784a elementor-align-left elementor-widget__width-initial elementor-mobile-align-center elementor-tablet-align-center elementor-widget elementor-widget-button\" data-id=\"205784a\" data-element_type=\"widget\" data-widget_type=\"button.default\">\n\t\t\t\t<div class=\"elementor-widget-container\">\n\t\t\t\t\t\t\t\t\t<div class=\"elementor-button-wrapper\">\n\t\t\t\t\t<a class=\"elementor-button elementor-size-sm\" role=\"button\">\n\t\t\t\t\t\t<span class=\"elementor-button-content-wrapper\">\n\t\t\t\t\t\t\t\t\t<span class=\"elementor-button-text\">Zdroje<\/span>\n\t\t\t\t\t<\/span>\n\t\t\t\t\t<\/a>\n\t\t\t\t<\/div>\n\t\t\t\t\t\t\t\t<\/div>\n\t\t\t\t<\/div>\n\t\t\t\t<div class=\"elementor-element elementor-element-114c6eb elementor-align-left elementor-widget__width-initial elementor-mobile-align-center elementor-tablet-align-center elementor-widget elementor-widget-button\" data-id=\"114c6eb\" data-element_type=\"widget\" data-widget_type=\"button.default\">\n\t\t\t\t<div class=\"elementor-widget-container\">\n\t\t\t\t\t\t\t\t\t<div class=\"elementor-button-wrapper\">\n\t\t\t\t\t<a class=\"elementor-button elementor-size-sm\" role=\"button\">\n\t\t\t\t\t\t<span class=\"elementor-button-content-wrapper\">\n\t\t\t\t\t\t\t\t\t<span class=\"elementor-button-text\">Elektromobilita<\/span>\n\t\t\t\t\t<\/span>\n\t\t\t\t\t<\/a>\n\t\t\t\t<\/div>\n\t\t\t\t\t\t\t\t<\/div>\n\t\t\t\t<\/div>\n\t\t\t\t\t<\/div>\n\t\t<\/div>\n\t\t\t\t<div class=\"elementor-column elementor-col-50 elementor-inner-column elementor-element elementor-element-8f3d89a\" data-id=\"8f3d89a\" data-element_type=\"column\">\n\t\t\t<div class=\"elementor-widget-wrap elementor-element-populated\">\n\t\t\t\t\t\t<div class=\"elementor-element elementor-element-ae3740b elementor-widget elementor-widget-text-editor\" data-id=\"ae3740b\" data-element_type=\"widget\" data-widget_type=\"text-editor.default\">\n\t\t\t\t<div class=\"elementor-widget-container\">\n\t\t\t\t\t\t\t\t\t<p>Marko Uhlig za\u010d\u00ednal jako in\u017een\u00fdr z Freibergu a stal se glob\u00e1ln\u00edm strat\u00e9gem pro suroviny. Jeho 30let\u00e9 odborn\u00e9 znalosti formovaly zku\u0161enosti z n\u00e1kupu, obchodu a \u0159\u00edzen\u00ed dol\u016f. V Braz\u00edlii optimalizoval dodavatelsk\u00e9 \u0159et\u011bzce, v Ji\u017en\u00ed Africe vedl metalurgick\u00e9 projekty, v\u017edy s jasn\u00fdm zam\u011b\u0159en\u00edm na efektivitu a udr\u017eitelnost.<\/p><p>Od \u0159\u00edjna 2023 vede jako jednatel spole\u010dnosti Zinnwald Lithium GmbH budov\u00e1n\u00ed jednoho z nejv\u00fdznamn\u011bj\u0161\u00edch lithiov\u00fdch projekt\u016f v Evrop\u011b.\u00a0<\/p><p><strong>\u201eV Osterzgebirge m\u00e1me jednu z nejv\u011bt\u0161\u00edch z\u00e1sob lithia v Evrop\u011b.<\/strong>\u201c<\/p><p>S t\u011b\u017eebn\u00ed licenc\u00ed v sask\u00e9m C\u00ednovci do roku 2047 a ov\u011b\u0159en\u00fdmi z\u00e1sobami 2,66 milionu tun ekvivalentu uhli\u010ditanu lithn\u00e9ho, spole\u010dnost pl\u00e1nuje ro\u010dn\u00ed produkci a\u017e 18 000 tun hydroxidu lithn\u00e9ho vhodn\u00e9ho pro v\u00fdrobu bateri\u00ed.\u00a0<\/p><p>Partne\u0159i jako Metso, SRK a AMG Critical Materials posiluj\u00ed technologii a financov\u00e1n\u00ed. Krom\u011b modern\u00ed podzemn\u00ed t\u011b\u017eby se projekt zam\u011b\u0159uje na obnoviteln\u00e9 zdroje energie a vyu\u017eit\u00ed produkt\u016f z 75 % hlu\u0161iny jako vedlej\u0161\u00edho produktu k\u0159emenn\u00e9ho p\u00edsku.\u00a0<\/p>\t\t\t\t\t\t\t\t<\/div>\n\t\t\t\t<\/div>\n\t\t\t\t\t<\/div>\n\t\t<\/div>\n\t\t\t\t\t<\/div>\n\t\t<\/section>\n\t\t\t\t<section class=\"elementor-section elementor-inner-section elementor-element elementor-element-750a2e6 elementor-section-boxed elementor-section-height-default elementor-section-height-default\" data-id=\"750a2e6\" data-element_type=\"section\">\n\t\t\t\t\t\t<div class=\"elementor-container elementor-column-gap-no\">\n\t\t\t\t\t<div class=\"elementor-column elementor-col-100 elementor-inner-column elementor-element elementor-element-cf5d4c1\" data-id=\"cf5d4c1\" data-element_type=\"column\">\n\t\t\t<div class=\"elementor-widget-wrap elementor-element-populated\">\n\t\t\t\t\t\t<div class=\"elementor-element elementor-element-a4d4d1c elementor-widget-divider--view-line elementor-widget elementor-widget-divider\" data-id=\"a4d4d1c\" data-element_type=\"widget\" data-widget_type=\"divider.default\">\n\t\t\t\t<div class=\"elementor-widget-container\">\n\t\t\t\t\t\t\t<div class=\"elementor-divider\">\n\t\t\t<span class=\"elementor-divider-separator\">\n\t\t\t\t\t\t<\/span>\n\t\t<\/div>\n\t\t\t\t\t\t<\/div>\n\t\t\t\t<\/div>\n\t\t\t\t<div class=\"elementor-element elementor-element-b6fdde2 elementor-align-left elementor-widget__width-initial elementor-widget elementor-widget-button\" data-id=\"b6fdde2\" data-element_type=\"widget\" data-widget_type=\"button.default\">\n\t\t\t\t<div class=\"elementor-widget-container\">\n\t\t\t\t\t\t\t\t\t<div class=\"elementor-button-wrapper\">\n\t\t\t\t\t<a class=\"elementor-button elementor-button-link elementor-size-lg\" href=\"https:\/\/machn-festival.de\/cs\/vstupenky-si-muzete-zakoupit-zde\/\">\n\t\t\t\t\t\t<span class=\"elementor-button-content-wrapper\">\n\t\t\t\t\t\t\t\t\t<span class=\"elementor-button-text\">Koupit vstupenky<\/span>\n\t\t\t\t\t<\/span>\n\t\t\t\t\t<\/a>\n\t\t\t\t<\/div>\n\t\t\t\t\t\t\t\t<\/div>\n\t\t\t\t<\/div>\n\t\t\t\t<div class=\"elementor-element elementor-element-9d38364 elementor-align-left elementor-widget__width-initial elementor-widget elementor-widget-button\" data-id=\"9d38364\" data-element_type=\"widget\" data-widget_type=\"button.default\">\n\t\t\t\t<div class=\"elementor-widget-container\">\n\t\t\t\t\t\t\t\t\t<div class=\"elementor-button-wrapper\">\n\t\t\t\t\t<a class=\"elementor-button elementor-button-link elementor-size-lg\" href=\"https:\/\/machn-festival.de\/cs\/#speakers\">\n\t\t\t\t\t\t<span class=\"elementor-button-content-wrapper\">\n\t\t\t\t\t\t\t\t\t<span class=\"elementor-button-text\">zp\u011bt na p\u0159ehled<\/span>\n\t\t\t\t\t<\/span>\n\t\t\t\t\t<\/a>\n\t\t\t\t<\/div>\n\t\t\t\t\t\t\t\t<\/div>\n\t\t\t\t<\/div>\n\t\t\t\t\t<\/div>\n\t\t<\/div>\n\t\t\t\t\t<\/div>\n\t\t<\/section>\n\t\t\t\t\t<\/div>\n\t\t<\/div>\n\t\t\t\t\t<\/div>\n\t\t<\/section>\n\t\t\t\t<\/div>","protected":false},"excerpt":{"rendered":"<p>Marko Uhlig Zinnwald Lithium GmbH Gesch\u00e4ftsf\u00fchrer Linkedin \u201eWir sprechen hier im Osterzgebirge von einer der gr\u00f6\u00dften Lagerst\u00e4tten in Europa.\u201c Li Ressourcen Elektromobilit\u00e4t Marko Uhlig startete als<span class=\"excerpt-hellip\"> [\u2026]<\/span><\/p>\n","protected":false},"author":3,"featured_media":0,"parent":6091,"menu_order":0,"comment_status":"closed","ping_status":"closed","template":"","meta":{"inline_featured_image":false,"footnotes":""},"class_list":["post-12297","page","type-page","status-publish","hentry"],"yoast_head":"<!-- This site is optimized with the Yoast SEO plugin v27.2 - https:\/\/yoast.com\/product\/yoast-seo-wordpress\/ -->\n<title>Marko Uhlig ~ MACHN Festival<\/title>\n<meta name=\"robots\" content=\"index, follow, max-snippet:-1, max-image-preview:large, max-video-preview:-1\" \/>\n<link rel=\"canonical\" href=\"https:\/\/machn-festival.de\/cs\/reproduktor\/marko-uhlig\/\" \/>\n<meta property=\"og:locale\" content=\"cs_CZ\" \/>\n<meta property=\"og:type\" content=\"article\" \/>\n<meta property=\"og:title\" content=\"Marko Uhlig ~ MACHN Festival\" \/>\n<meta property=\"og:description\" content=\"Marko Uhlig Zinnwald Lithium GmbH Gesch\u00e4ftsf\u00fchrer Linkedin \u201eWir sprechen hier im Osterzgebirge von einer der gr\u00f6\u00dften Lagerst\u00e4tten in Europa.\u201c Li Ressourcen Elektromobilit\u00e4t Marko Uhlig startete als [\u2026]\" \/>\n<meta property=\"og:url\" content=\"https:\/\/machn-festival.de\/cs\/reproduktor\/marko-uhlig\/\" \/>\n<meta property=\"og:site_name\" content=\"MACHN Festival\" \/>\n<meta property=\"article:modified_time\" content=\"2026-02-12T14:11:15+00:00\" \/>\n<meta property=\"og:image\" content=\"https:\/\/machn-festival.de\/wp-content\/uploads\/2025\/11\/background26_04.svg\" \/>\n<meta name=\"twitter:card\" content=\"summary_large_image\" \/>\n<meta name=\"twitter:label1\" content=\"Odhadovan\u00e1 doba \u010dten\u00ed\" \/>\n\t<meta name=\"twitter:data1\" content=\"2 minuty\" \/>\n<script type=\"application\/ld+json\" class=\"yoast-schema-graph\">{\"@context\":\"https:\/\/schema.org\",\"@graph\":[{\"@type\":\"WebPage\",\"@id\":\"https:\/\/machn-festival.de\/speaker\/marko-uhlig\/\",\"url\":\"https:\/\/machn-festival.de\/speaker\/marko-uhlig\/\",\"name\":\"Marko Uhlig ~ MACHN Festival\",\"isPartOf\":{\"@id\":\"https:\/\/machn-festival.de\/#website\"},\"primaryImageOfPage\":{\"@id\":\"https:\/\/machn-festival.de\/speaker\/marko-uhlig\/#primaryimage\"},\"image\":{\"@id\":\"https:\/\/machn-festival.de\/speaker\/marko-uhlig\/#primaryimage\"},\"thumbnailUrl\":\"https:\/\/machn-festival.de\/wp-content\/uploads\/2025\/11\/background26_04.svg\",\"datePublished\":\"2026-01-30T13:17:21+00:00\",\"dateModified\":\"2026-02-12T14:11:15+00:00\",\"breadcrumb\":{\"@id\":\"https:\/\/machn-festival.de\/speaker\/marko-uhlig\/#breadcrumb\"},\"inLanguage\":\"cs\",\"potentialAction\":[{\"@type\":\"ReadAction\",\"target\":[\"https:\/\/machn-festival.de\/speaker\/marko-uhlig\/\"]}]},{\"@type\":\"ImageObject\",\"inLanguage\":\"cs\",\"@id\":\"https:\/\/machn-festival.de\/speaker\/marko-uhlig\/#primaryimage\",\"url\":\"https:\/\/machn-festival.de\/wp-content\/uploads\/2025\/11\/background26_04.svg\",\"contentUrl\":\"https:\/\/machn-festival.de\/wp-content\/uploads\/2025\/11\/background26_04.svg\"},{\"@type\":\"BreadcrumbList\",\"@id\":\"https:\/\/machn-festival.de\/speaker\/marko-uhlig\/#breadcrumb\",\"itemListElement\":[{\"@type\":\"ListItem\",\"position\":1,\"name\":\"Startseite\",\"item\":\"https:\/\/machn-festival.de\/\"},{\"@type\":\"ListItem\",\"position\":2,\"name\":\"Speaker\",\"item\":\"https:\/\/machn-festival.de\/speaker\/\"},{\"@type\":\"ListItem\",\"position\":3,\"name\":\"Marko Uhlig\"}]},{\"@type\":\"WebSite\",\"@id\":\"https:\/\/machn-festival.de\/#website\",\"url\":\"https:\/\/machn-festival.de\/\",\"name\":\"MACHN Festival\",\"description\":\"Das bessere Business-Festival\",\"publisher\":{\"@id\":\"https:\/\/machn-festival.de\/#organization\"},\"potentialAction\":[{\"@type\":\"SearchAction\",\"target\":{\"@type\":\"EntryPoint\",\"urlTemplate\":\"https:\/\/machn-festival.de\/?s={search_term_string}\"},\"query-input\":{\"@type\":\"PropertyValueSpecification\",\"valueRequired\":true,\"valueName\":\"search_term_string\"}}],\"inLanguage\":\"cs\"},{\"@type\":\"Organization\",\"@id\":\"https:\/\/machn-festival.de\/#organization\",\"name\":\"MACHN Festival\",\"url\":\"https:\/\/machn-festival.de\/\",\"logo\":{\"@type\":\"ImageObject\",\"inLanguage\":\"cs\",\"@id\":\"https:\/\/machn-festival.de\/#\/schema\/logo\/image\/\",\"url\":\"https:\/\/machn-festival.de\/wp-content\/uploads\/2025\/09\/Logo26-blck.png\",\"contentUrl\":\"https:\/\/machn-festival.de\/wp-content\/uploads\/2025\/09\/Logo26-blck.png\",\"width\":1000,\"height\":240,\"caption\":\"MACHN Festival\"},\"image\":{\"@id\":\"https:\/\/machn-festival.de\/#\/schema\/logo\/image\/\"},\"sameAs\":[\"https:\/\/www.instagram.com\/machn.festival\/\",\"https:\/\/www.linkedin.com\/company\/machn-festival\/\"]}]}<\/script>\n<!-- \/ Yoast SEO plugin. -->","yoast_head_json":{"title":"Marko Uhlig ~ MACHN Festival","robots":{"index":"index","follow":"follow","max-snippet":"max-snippet:-1","max-image-preview":"max-image-preview:large","max-video-preview":"max-video-preview:-1"},"canonical":"https:\/\/machn-festival.de\/cs\/reproduktor\/marko-uhlig\/","og_locale":"cs_CZ","og_type":"article","og_title":"Marko Uhlig ~ MACHN Festival","og_description":"Marko Uhlig Zinnwald Lithium GmbH Gesch\u00e4ftsf\u00fchrer Linkedin \u201eWir sprechen hier im Osterzgebirge von einer der gr\u00f6\u00dften Lagerst\u00e4tten in Europa.\u201c Li Ressourcen Elektromobilit\u00e4t Marko Uhlig startete als [\u2026]","og_url":"https:\/\/machn-festival.de\/cs\/reproduktor\/marko-uhlig\/","og_site_name":"MACHN Festival","article_modified_time":"2026-02-12T14:11:15+00:00","og_image":[{"url":"https:\/\/machn-festival.de\/wp-content\/uploads\/2025\/11\/background26_04.svg","type":"","width":"","height":""}],"twitter_card":"summary_large_image","twitter_misc":{"Odhadovan\u00e1 doba \u010dten\u00ed":"2 minuty"},"schema":{"@context":"https:\/\/schema.org","@graph":[{"@type":"WebPage","@id":"https:\/\/machn-festival.de\/speaker\/marko-uhlig\/","url":"https:\/\/machn-festival.de\/speaker\/marko-uhlig\/","name":"Marko Uhlig ~ MACHN Festival","isPartOf":{"@id":"https:\/\/machn-festival.de\/#website"},"primaryImageOfPage":{"@id":"https:\/\/machn-festival.de\/speaker\/marko-uhlig\/#primaryimage"},"image":{"@id":"https:\/\/machn-festival.de\/speaker\/marko-uhlig\/#primaryimage"},"thumbnailUrl":"https:\/\/machn-festival.de\/wp-content\/uploads\/2025\/11\/background26_04.svg","datePublished":"2026-01-30T13:17:21+00:00","dateModified":"2026-02-12T14:11:15+00:00","breadcrumb":{"@id":"https:\/\/machn-festival.de\/speaker\/marko-uhlig\/#breadcrumb"},"inLanguage":"cs","potentialAction":[{"@type":"ReadAction","target":["https:\/\/machn-festival.de\/speaker\/marko-uhlig\/"]}]},{"@type":"ImageObject","inLanguage":"cs","@id":"https:\/\/machn-festival.de\/speaker\/marko-uhlig\/#primaryimage","url":"https:\/\/machn-festival.de\/wp-content\/uploads\/2025\/11\/background26_04.svg","contentUrl":"https:\/\/machn-festival.de\/wp-content\/uploads\/2025\/11\/background26_04.svg"},{"@type":"BreadcrumbList","@id":"https:\/\/machn-festival.de\/speaker\/marko-uhlig\/#breadcrumb","itemListElement":[{"@type":"ListItem","position":1,"name":"Startseite","item":"https:\/\/machn-festival.de\/"},{"@type":"ListItem","position":2,"name":"Speaker","item":"https:\/\/machn-festival.de\/speaker\/"},{"@type":"ListItem","position":3,"name":"Marko Uhlig"}]},{"@type":"WebSite","@id":"https:\/\/machn-festival.de\/#website","url":"https:\/\/machn-festival.de\/","name":"Festival MACHN","description":"Festival lep\u0161\u00edho podnik\u00e1n\u00ed","publisher":{"@id":"https:\/\/machn-festival.de\/#organization"},"potentialAction":[{"@type":"SearchAction","target":{"@type":"EntryPoint","urlTemplate":"https:\/\/machn-festival.de\/?s={search_term_string}"},"query-input":{"@type":"PropertyValueSpecification","valueRequired":true,"valueName":"search_term_string"}}],"inLanguage":"cs"},{"@type":"Organization","@id":"https:\/\/machn-festival.de\/#organization","name":"Festival MACHN","url":"https:\/\/machn-festival.de\/","logo":{"@type":"ImageObject","inLanguage":"cs","@id":"https:\/\/machn-festival.de\/#\/schema\/logo\/image\/","url":"https:\/\/machn-festival.de\/wp-content\/uploads\/2025\/09\/Logo26-blck.png","contentUrl":"https:\/\/machn-festival.de\/wp-content\/uploads\/2025\/09\/Logo26-blck.png","width":1000,"height":240,"caption":"MACHN Festival"},"image":{"@id":"https:\/\/machn-festival.de\/#\/schema\/logo\/image\/"},"sameAs":["https:\/\/www.instagram.com\/machn.festival\/","https:\/\/www.linkedin.com\/company\/machn-festival\/"]}]}},"_links":{"self":[{"href":"https:\/\/machn-festival.de\/cs\/wp-json\/wp\/v2\/pages\/12297","targetHints":{"allow":["GET"]}}],"collection":[{"href":"https:\/\/machn-festival.de\/cs\/wp-json\/wp\/v2\/pages"}],"about":[{"href":"https:\/\/machn-festival.de\/cs\/wp-json\/wp\/v2\/types\/page"}],"author":[{"embeddable":true,"href":"https:\/\/machn-festival.de\/cs\/wp-json\/wp\/v2\/users\/3"}],"replies":[{"embeddable":true,"href":"https:\/\/machn-festival.de\/cs\/wp-json\/wp\/v2\/comments?post=12297"}],"version-history":[{"count":15,"href":"https:\/\/machn-festival.de\/cs\/wp-json\/wp\/v2\/pages\/12297\/revisions"}],"predecessor-version":[{"id":12545,"href":"https:\/\/machn-festival.de\/cs\/wp-json\/wp\/v2\/pages\/12297\/revisions\/12545"}],"up":[{"embeddable":true,"href":"https:\/\/machn-festival.de\/cs\/wp-json\/wp\/v2\/pages\/6091"}],"wp:attachment":[{"href":"https:\/\/machn-festival.de\/cs\/wp-json\/wp\/v2\/media?parent=12297"}],"curies":[{"name":"wp","href":"https:\/\/api.w.org\/{rel}","templated":true}]}}