{"id":4339,"date":"2023-10-13T11:47:22","date_gmt":"2023-10-13T09:47:22","guid":{"rendered":"https:\/\/machn-festival.de\/?page_id=4339"},"modified":"2026-04-13T15:54:58","modified_gmt":"2026-04-13T13:54:58","slug":"odkazvbiu","status":"publish","type":"page","link":"https:\/\/machn-festival.de\/cs\/linkinbio\/","title":{"rendered":"Odkaz v bio"},"content":{"rendered":"<div data-elementor-type=\"wp-page\" data-elementor-id=\"4339\" class=\"elementor elementor-4339\" data-elementor-post-type=\"page\">\n\t\t\t\t\t\t<section class=\"elementor-section elementor-top-section elementor-element elementor-element-9f3c2f3 elementor-section-full_width elementor-section-stretched elementor-section-height-default elementor-section-height-default\" data-id=\"9f3c2f3\" data-element_type=\"section\" data-settings=\"{&quot;stretch_section&quot;:&quot;section-stretched&quot;,&quot;background_background&quot;:&quot;classic&quot;}\">\n\t\t\t\t\t\t<div class=\"elementor-container elementor-column-gap-no\">\n\t\t\t\t\t<div class=\"elementor-column elementor-col-100 elementor-top-column elementor-element elementor-element-d2e408a\" data-id=\"d2e408a\" data-element_type=\"column\">\n\t\t\t<div class=\"elementor-widget-wrap elementor-element-populated\">\n\t\t\t\t\t\t<section class=\"elementor-section elementor-inner-section elementor-element elementor-element-7c124a6 elementor-section-content-top elementor-section-boxed elementor-section-height-default elementor-section-height-default\" data-id=\"7c124a6\" data-element_type=\"section\">\n\t\t\t\t\t\t\t<div class=\"elementor-background-overlay\"><\/div>\n\t\t\t\t\t\t\t<div class=\"elementor-container elementor-column-gap-no\">\n\t\t\t\t\t<div class=\"elementor-column elementor-col-33 elementor-inner-column elementor-element elementor-element-1c46276\" data-id=\"1c46276\" data-element_type=\"column\">\n\t\t\t<div class=\"elementor-widget-wrap\">\n\t\t\t\t\t\t\t<\/div>\n\t\t<\/div>\n\t\t\t\t<div class=\"elementor-column elementor-col-33 elementor-inner-column elementor-element elementor-element-0d98ead\" data-id=\"0d98ead\" data-element_type=\"column\">\n\t\t\t<div class=\"elementor-widget-wrap elementor-element-populated\">\n\t\t\t\t\t\t<div class=\"elementor-element elementor-element-d02c898 elementor-widget elementor-widget-heading\" data-id=\"d02c898\" data-element_type=\"widget\" data-widget_type=\"heading.default\">\n\t\t\t\t<div class=\"elementor-widget-container\">\n\t\t\t\t\t<h2 class=\"elementor-heading-title elementor-size-default\">Odkazy<\/h2>\t\t\t\t<\/div>\n\t\t\t\t<\/div>\n\t\t\t\t<div class=\"elementor-element elementor-element-8963302 elementor-widget elementor-widget-spacer\" data-id=\"8963302\" data-element_type=\"widget\" data-widget_type=\"spacer.default\">\n\t\t\t\t<div class=\"elementor-widget-container\">\n\t\t\t\t\t\t\t<div class=\"elementor-spacer\">\n\t\t\t<div class=\"elementor-spacer-inner\"><\/div>\n\t\t<\/div>\n\t\t\t\t\t\t<\/div>\n\t\t\t\t<\/div>\n\t\t\t\t<div class=\"elementor-element elementor-element-bbc2969 elementor-align-center elementor-widget elementor-widget-button\" data-id=\"bbc2969\" data-element_type=\"widget\" data-widget_type=\"button.default\">\n\t\t\t\t<div class=\"elementor-widget-container\">\n\t\t\t\t\t\t\t\t\t<div class=\"elementor-button-wrapper\">\n\t\t\t\t\t<a class=\"elementor-button elementor-button-link elementor-size-lg\" href=\"https:\/\/machn-festival.de\/cs\/vstupenky-si-muzete-zakoupit-zde\/\">\n\t\t\t\t\t\t<span class=\"elementor-button-content-wrapper\">\n\t\t\t\t\t\t\t\t\t<span class=\"elementor-button-text\">VSTUPENKY<\/span>\n\t\t\t\t\t<\/span>\n\t\t\t\t\t<\/a>\n\t\t\t\t<\/div>\n\t\t\t\t\t\t\t\t<\/div>\n\t\t\t\t<\/div>\n\t\t\t\t<div class=\"elementor-element elementor-element-1c9aa59 elementor-align-center elementor-widget elementor-widget-button\" data-id=\"1c9aa59\" data-element_type=\"widget\" data-widget_type=\"button.default\">\n\t\t\t\t<div class=\"elementor-widget-container\">\n\t\t\t\t\t\t\t\t\t<div class=\"elementor-button-wrapper\">\n\t\t\t\t\t<a class=\"elementor-button elementor-button-link elementor-size-lg\" href=\"https:\/\/machn.lineupr.com\/machn26\/\">\n\t\t\t\t\t\t<span class=\"elementor-button-content-wrapper\">\n\t\t\t\t\t\t\t\t\t<span class=\"elementor-button-text\">FESTIVALOV\u00c1 APLIKACE<\/span>\n\t\t\t\t\t<\/span>\n\t\t\t\t\t<\/a>\n\t\t\t\t<\/div>\n\t\t\t\t\t\t\t\t<\/div>\n\t\t\t\t<\/div>\n\t\t\t\t<div class=\"elementor-element elementor-element-dd245c9 elementor-align-center elementor-widget elementor-widget-button\" data-id=\"dd245c9\" data-element_type=\"widget\" data-widget_type=\"button.default\">\n\t\t\t\t<div class=\"elementor-widget-container\">\n\t\t\t\t\t\t\t\t\t<div class=\"elementor-button-wrapper\">\n\t\t\t\t\t<a class=\"elementor-button elementor-button-link elementor-size-lg\" href=\"https:\/\/machn-festival.de\/cs\/machn-festival-2026-program-lipsko-klicove-prednasky-workshopy-diskuse\/\">\n\t\t\t\t\t\t<span class=\"elementor-button-content-wrapper\">\n\t\t\t\t\t\t\t\t\t<span class=\"elementor-button-text\">PROGRAM<\/span>\n\t\t\t\t\t<\/span>\n\t\t\t\t\t<\/a>\n\t\t\t\t<\/div>\n\t\t\t\t\t\t\t\t<\/div>\n\t\t\t\t<\/div>\n\t\t\t\t<div class=\"elementor-element elementor-element-29fe960 elementor-align-center elementor-widget elementor-widget-button\" data-id=\"29fe960\" data-element_type=\"widget\" data-widget_type=\"button.default\">\n\t\t\t\t<div class=\"elementor-widget-container\">\n\t\t\t\t\t\t\t\t\t<div class=\"elementor-button-wrapper\">\n\t\t\t\t\t<a class=\"elementor-button elementor-button-link elementor-size-lg\" href=\"https:\/\/machn.festiware.app\/register\/m26-partner\">\n\t\t\t\t\t\t<span class=\"elementor-button-content-wrapper\">\n\t\t\t\t\t\t\t\t\t<span class=\"elementor-button-text\">\u00da\u010dastnit se<\/span>\n\t\t\t\t\t<\/span>\n\t\t\t\t\t<\/a>\n\t\t\t\t<\/div>\n\t\t\t\t\t\t\t\t<\/div>\n\t\t\t\t<\/div>\n\t\t\t\t<div class=\"elementor-element elementor-element-ebd2779 elementor-align-center elementor-widget elementor-widget-button\" data-id=\"ebd2779\" data-element_type=\"widget\" data-widget_type=\"button.default\">\n\t\t\t\t<div class=\"elementor-widget-container\">\n\t\t\t\t\t\t\t\t\t<div class=\"elementor-button-wrapper\">\n\t\t\t\t\t<a class=\"elementor-button elementor-button-link elementor-size-lg\" href=\"https:\/\/machn-festival.de\/cs\/\">\n\t\t\t\t\t\t<span class=\"elementor-button-content-wrapper\">\n\t\t\t\t\t\t\t\t\t<span class=\"elementor-button-text\">WEBOV\u00c9 STR\u00c1NKY<\/span>\n\t\t\t\t\t<\/span>\n\t\t\t\t\t<\/a>\n\t\t\t\t<\/div>\n\t\t\t\t\t\t\t\t<\/div>\n\t\t\t\t<\/div>\n\t\t\t\t<div class=\"elementor-element elementor-element-70f04d8 elementor-align-center elementor-widget elementor-widget-button\" data-id=\"70f04d8\" data-element_type=\"widget\" data-widget_type=\"button.default\">\n\t\t\t\t<div class=\"elementor-widget-container\">\n\t\t\t\t\t\t\t\t\t<div class=\"elementor-button-wrapper\">\n\t\t\t\t\t<a class=\"elementor-button elementor-button-link elementor-size-lg\" href=\"https:\/\/machn-festival.de\/cs\/rekapitulace-25\/\" hier=\"\">\n\t\t\t\t\t\t<span class=\"elementor-button-content-wrapper\">\n\t\t\t\t\t\t\t\t\t<span class=\"elementor-button-text\">RECAP25<\/span>\n\t\t\t\t\t<\/span>\n\t\t\t\t\t<\/a>\n\t\t\t\t<\/div>\n\t\t\t\t\t\t\t\t<\/div>\n\t\t\t\t<\/div>\n\t\t\t\t<div class=\"elementor-element elementor-element-80861ee elementor-align-center elementor-hidden-desktop elementor-hidden-tablet elementor-hidden-mobile elementor-widget elementor-widget-button\" data-id=\"80861ee\" data-element_type=\"widget\" data-widget_type=\"button.default\">\n\t\t\t\t<div class=\"elementor-widget-container\">\n\t\t\t\t\t\t\t\t\t<div class=\"elementor-button-wrapper\">\n\t\t\t\t\t<a class=\"elementor-button elementor-button-link elementor-size-lg\" href=\"https:\/\/machn-festival.de\/cs\/merch\/#!\/\">\n\t\t\t\t\t\t<span class=\"elementor-button-content-wrapper\">\n\t\t\t\t\t\t\t\t\t<span class=\"elementor-button-text\">PRODEJN\u00cd V\u00ddROBKY<\/span>\n\t\t\t\t\t<\/span>\n\t\t\t\t\t<\/a>\n\t\t\t\t<\/div>\n\t\t\t\t\t\t\t\t<\/div>\n\t\t\t\t<\/div>\n\t\t\t\t<div class=\"elementor-element elementor-element-a3f2ee3 elementor-align-center elementor-widget elementor-widget-button\" data-id=\"a3f2ee3\" data-element_type=\"widget\" data-widget_type=\"button.default\">\n\t\t\t\t<div class=\"elementor-widget-container\">\n\t\t\t\t\t\t\t\t\t<div class=\"elementor-button-wrapper\">\n\t\t\t\t\t<a class=\"elementor-button elementor-button-link elementor-size-lg\" href=\"https:\/\/youtu.be\/xe6UTb6NPiA\">\n\t\t\t\t\t\t<span class=\"elementor-button-content-wrapper\">\n\t\t\t\t\t\t\t\t\t<span class=\"elementor-button-text\">MACHN24 DOKU<\/span>\n\t\t\t\t\t<\/span>\n\t\t\t\t\t<\/a>\n\t\t\t\t<\/div>\n\t\t\t\t\t\t\t\t<\/div>\n\t\t\t\t<\/div>\n\t\t\t\t<div class=\"elementor-element elementor-element-d434bba elementor-align-center elementor-widget elementor-widget-button\" data-id=\"d434bba\" data-element_type=\"widget\" data-widget_type=\"button.default\">\n\t\t\t\t<div class=\"elementor-widget-container\">\n\t\t\t\t\t\t\t\t\t<div class=\"elementor-button-wrapper\">\n\t\t\t\t\t<a class=\"elementor-button elementor-button-link elementor-size-lg\" href=\"https:\/\/machn-festival.de\/cs\/otisk\/\">\n\t\t\t\t\t\t<span class=\"elementor-button-content-wrapper\">\n\t\t\t\t\t\t\t\t\t<span class=\"elementor-button-text\">IMPRINT<\/span>\n\t\t\t\t\t<\/span>\n\t\t\t\t\t<\/a>\n\t\t\t\t<\/div>\n\t\t\t\t\t\t\t\t<\/div>\n\t\t\t\t<\/div>\n\t\t\t\t\t<\/div>\n\t\t<\/div>\n\t\t\t\t<div class=\"elementor-column elementor-col-33 elementor-inner-column elementor-element elementor-element-1f873f6\" data-id=\"1f873f6\" data-element_type=\"column\">\n\t\t\t<div class=\"elementor-widget-wrap\">\n\t\t\t\t\t\t\t<\/div>\n\t\t<\/div>\n\t\t\t\t\t<\/div>\n\t\t<\/section>\n\t\t\t\t\t<\/div>\n\t\t<\/div>\n\t\t\t\t\t<\/div>\n\t\t<\/section>\n\t\t\t\t<\/div>","protected":false},"excerpt":{"rendered":"<p>Odkazy VSTUPENKY FESTIVALOV\u00c1 APLIKACE PROGRAM ROZHODN\u011aTE SE WEBOV\u00c9 STR\u00c1NKY RECAP25 MERCHANDISE PO\u0158I\u010eTE24 DOKUMENTACE IMPRESSUM<\/p>","protected":false},"author":3,"featured_media":5101,"parent":0,"menu_order":0,"comment_status":"closed","ping_status":"closed","template":"","meta":{"inline_featured_image":false,"footnotes":""},"class_list":["post-4339","page","type-page","status-publish","has-post-thumbnail","hentry"],"yoast_head":"<!-- This site is optimized with the Yoast SEO plugin v27.2 - https:\/\/yoast.com\/product\/yoast-seo-wordpress\/ -->\n<title>Link in BIO ~ MACHN Festival<\/title>\n<meta name=\"robots\" content=\"index, follow, max-snippet:-1, max-image-preview:large, max-video-preview:-1\" \/>\n<link rel=\"canonical\" href=\"https:\/\/machn-festival.de\/cs\/odkazvbiu\/\" \/>\n<meta property=\"og:locale\" content=\"cs_CZ\" \/>\n<meta property=\"og:type\" content=\"article\" \/>\n<meta property=\"og:title\" content=\"Link in BIO ~ MACHN Festival\" \/>\n<meta property=\"og:description\" content=\"Links TICKETS FESTIVAL-APP PROGRAMM MITMACHN WEBSITE RECAP25 MERCHANDISE MACHN24 DOKU IMPRESSUM\" \/>\n<meta property=\"og:url\" content=\"https:\/\/machn-festival.de\/cs\/odkazvbiu\/\" \/>\n<meta property=\"og:site_name\" content=\"MACHN Festival\" \/>\n<meta property=\"article:modified_time\" content=\"2026-04-13T13:54:58+00:00\" \/>\n<meta name=\"twitter:card\" content=\"summary_large_image\" \/>\n<meta name=\"twitter:label1\" content=\"Odhadovan\u00e1 doba \u010dten\u00ed\" \/>\n\t<meta name=\"twitter:data1\" content=\"1 minuta\" \/>\n<script type=\"application\/ld+json\" class=\"yoast-schema-graph\">{\"@context\":\"https:\/\/schema.org\",\"@graph\":[{\"@type\":\"WebPage\",\"@id\":\"https:\/\/machn-festival.de\/linkinbio\/\",\"url\":\"https:\/\/machn-festival.de\/linkinbio\/\",\"name\":\"Link in BIO ~ MACHN Festival\",\"isPartOf\":{\"@id\":\"https:\/\/machn-festival.de\/#website\"},\"primaryImageOfPage\":{\"@id\":\"https:\/\/machn-festival.de\/linkinbio\/#primaryimage\"},\"image\":{\"@id\":\"https:\/\/machn-festival.de\/linkinbio\/#primaryimage\"},\"thumbnailUrl\":\"https:\/\/machn-festival.de\/wp-content\/uploads\/2023\/10\/drawings_M-white_01.svg\",\"datePublished\":\"2023-10-13T09:47:22+00:00\",\"dateModified\":\"2026-04-13T13:54:58+00:00\",\"breadcrumb\":{\"@id\":\"https:\/\/machn-festival.de\/linkinbio\/#breadcrumb\"},\"inLanguage\":\"cs\",\"potentialAction\":[{\"@type\":\"ReadAction\",\"target\":[\"https:\/\/machn-festival.de\/linkinbio\/\"]}]},{\"@type\":\"ImageObject\",\"inLanguage\":\"cs\",\"@id\":\"https:\/\/machn-festival.de\/linkinbio\/#primaryimage\",\"url\":\"https:\/\/machn-festival.de\/wp-content\/uploads\/2023\/10\/drawings_M-white_01.svg\",\"contentUrl\":\"https:\/\/machn-festival.de\/wp-content\/uploads\/2023\/10\/drawings_M-white_01.svg\",\"width\":500,\"height\":500},{\"@type\":\"BreadcrumbList\",\"@id\":\"https:\/\/machn-festival.de\/linkinbio\/#breadcrumb\",\"itemListElement\":[{\"@type\":\"ListItem\",\"position\":1,\"name\":\"Startseite\",\"item\":\"https:\/\/machn-festival.de\/\"},{\"@type\":\"ListItem\",\"position\":2,\"name\":\"Link in BIO\"}]},{\"@type\":\"WebSite\",\"@id\":\"https:\/\/machn-festival.de\/#website\",\"url\":\"https:\/\/machn-festival.de\/\",\"name\":\"MACHN Festival\",\"description\":\"Das bessere Business-Festival\",\"publisher\":{\"@id\":\"https:\/\/machn-festival.de\/#organization\"},\"potentialAction\":[{\"@type\":\"SearchAction\",\"target\":{\"@type\":\"EntryPoint\",\"urlTemplate\":\"https:\/\/machn-festival.de\/?s={search_term_string}\"},\"query-input\":{\"@type\":\"PropertyValueSpecification\",\"valueRequired\":true,\"valueName\":\"search_term_string\"}}],\"inLanguage\":\"cs\"},{\"@type\":\"Organization\",\"@id\":\"https:\/\/machn-festival.de\/#organization\",\"name\":\"MACHN Festival\",\"url\":\"https:\/\/machn-festival.de\/\",\"logo\":{\"@type\":\"ImageObject\",\"inLanguage\":\"cs\",\"@id\":\"https:\/\/machn-festival.de\/#\/schema\/logo\/image\/\",\"url\":\"https:\/\/machn-festival.de\/wp-content\/uploads\/2025\/09\/Logo26-blck.png\",\"contentUrl\":\"https:\/\/machn-festival.de\/wp-content\/uploads\/2025\/09\/Logo26-blck.png\",\"width\":1000,\"height\":240,\"caption\":\"MACHN Festival\"},\"image\":{\"@id\":\"https:\/\/machn-festival.de\/#\/schema\/logo\/image\/\"},\"sameAs\":[\"https:\/\/www.instagram.com\/machn.festival\/\",\"https:\/\/www.linkedin.com\/company\/machn-festival\/\"]}]}<\/script>\n<!-- \/ Yoast SEO plugin. -->","yoast_head_json":{"title":"Odkaz v BIO ~ MACHN Festival","robots":{"index":"index","follow":"follow","max-snippet":"max-snippet:-1","max-image-preview":"max-image-preview:large","max-video-preview":"max-video-preview:-1"},"canonical":"https:\/\/machn-festival.de\/cs\/odkazvbiu\/","og_locale":"cs_CZ","og_type":"article","og_title":"Link in BIO ~ MACHN Festival","og_description":"Links TICKETS FESTIVAL-APP PROGRAMM MITMACHN WEBSITE RECAP25 MERCHANDISE MACHN24 DOKU IMPRESSUM","og_url":"https:\/\/machn-festival.de\/cs\/odkazvbiu\/","og_site_name":"MACHN Festival","article_modified_time":"2026-04-13T13:54:58+00:00","twitter_card":"summary_large_image","twitter_misc":{"Odhadovan\u00e1 doba \u010dten\u00ed":"1 minuta"},"schema":{"@context":"https:\/\/schema.org","@graph":[{"@type":"WebPage","@id":"https:\/\/machn-festival.de\/linkinbio\/","url":"https:\/\/machn-festival.de\/linkinbio\/","name":"Odkaz v BIO ~ MACHN Festival","isPartOf":{"@id":"https:\/\/machn-festival.de\/#website"},"primaryImageOfPage":{"@id":"https:\/\/machn-festival.de\/linkinbio\/#primaryimage"},"image":{"@id":"https:\/\/machn-festival.de\/linkinbio\/#primaryimage"},"thumbnailUrl":"https:\/\/machn-festival.de\/wp-content\/uploads\/2023\/10\/drawings_M-white_01.svg","datePublished":"2023-10-13T09:47:22+00:00","dateModified":"2026-04-13T13:54:58+00:00","breadcrumb":{"@id":"https:\/\/machn-festival.de\/linkinbio\/#breadcrumb"},"inLanguage":"cs","potentialAction":[{"@type":"ReadAction","target":["https:\/\/machn-festival.de\/linkinbio\/"]}]},{"@type":"ImageObject","inLanguage":"cs","@id":"https:\/\/machn-festival.de\/linkinbio\/#primaryimage","url":"https:\/\/machn-festival.de\/wp-content\/uploads\/2023\/10\/drawings_M-white_01.svg","contentUrl":"https:\/\/machn-festival.de\/wp-content\/uploads\/2023\/10\/drawings_M-white_01.svg","width":500,"height":500},{"@type":"BreadcrumbList","@id":"https:\/\/machn-festival.de\/linkinbio\/#breadcrumb","itemListElement":[{"@type":"ListItem","position":1,"name":"Startseite","item":"https:\/\/machn-festival.de\/"},{"@type":"ListItem","position":2,"name":"Link in BIO"}]},{"@type":"WebSite","@id":"https:\/\/machn-festival.de\/#website","url":"https:\/\/machn-festival.de\/","name":"Festival MACHN","description":"Festival lep\u0161\u00edho podnik\u00e1n\u00ed","publisher":{"@id":"https:\/\/machn-festival.de\/#organization"},"potentialAction":[{"@type":"SearchAction","target":{"@type":"EntryPoint","urlTemplate":"https:\/\/machn-festival.de\/?s={search_term_string}"},"query-input":{"@type":"PropertyValueSpecification","valueRequired":true,"valueName":"search_term_string"}}],"inLanguage":"cs"},{"@type":"Organization","@id":"https:\/\/machn-festival.de\/#organization","name":"Festival MACHN","url":"https:\/\/machn-festival.de\/","logo":{"@type":"ImageObject","inLanguage":"cs","@id":"https:\/\/machn-festival.de\/#\/schema\/logo\/image\/","url":"https:\/\/machn-festival.de\/wp-content\/uploads\/2025\/09\/Logo26-blck.png","contentUrl":"https:\/\/machn-festival.de\/wp-content\/uploads\/2025\/09\/Logo26-blck.png","width":1000,"height":240,"caption":"MACHN Festival"},"image":{"@id":"https:\/\/machn-festival.de\/#\/schema\/logo\/image\/"},"sameAs":["https:\/\/www.instagram.com\/machn.festival\/","https:\/\/www.linkedin.com\/company\/machn-festival\/"]}]}},"_links":{"self":[{"href":"https:\/\/machn-festival.de\/cs\/wp-json\/wp\/v2\/pages\/4339","targetHints":{"allow":["GET"]}}],"collection":[{"href":"https:\/\/machn-festival.de\/cs\/wp-json\/wp\/v2\/pages"}],"about":[{"href":"https:\/\/machn-festival.de\/cs\/wp-json\/wp\/v2\/types\/page"}],"author":[{"embeddable":true,"href":"https:\/\/machn-festival.de\/cs\/wp-json\/wp\/v2\/users\/3"}],"replies":[{"embeddable":true,"href":"https:\/\/machn-festival.de\/cs\/wp-json\/wp\/v2\/comments?post=4339"}],"version-history":[{"count":15,"href":"https:\/\/machn-festival.de\/cs\/wp-json\/wp\/v2\/pages\/4339\/revisions"}],"predecessor-version":[{"id":13594,"href":"https:\/\/machn-festival.de\/cs\/wp-json\/wp\/v2\/pages\/4339\/revisions\/13594"}],"wp:featuredmedia":[{"embeddable":true,"href":"https:\/\/machn-festival.de\/cs\/wp-json\/wp\/v2\/media\/5101"}],"wp:attachment":[{"href":"https:\/\/machn-festival.de\/cs\/wp-json\/wp\/v2\/media?parent=4339"}],"curies":[{"name":"wp","href":"https:\/\/api.w.org\/{rel}","templated":true}]}}