{"id":12759,"date":"2026-03-04T15:38:23","date_gmt":"2026-03-04T14:38:23","guid":{"rendered":"https:\/\/machn-festival.de\/?page_id=12759"},"modified":"2026-04-09T09:15:10","modified_gmt":"2026-04-09T07:15:10","slug":"partner-hub-basics","status":"publish","type":"page","link":"https:\/\/machn-festival.de\/en\/partner-hub-basic\/","title":{"rendered":"Partner-Hub: Basic"},"content":{"rendered":"<div data-elementor-type=\"wp-page\" data-elementor-id=\"12759\" class=\"elementor elementor-12759\" data-elementor-post-type=\"page\">\n\t\t\t\t<div class=\"elementor-element elementor-element-d35ebc4 e-con-full e-flex e-con e-parent\" data-id=\"d35ebc4\" data-element_type=\"container\">\n\t\t\t\t<div class=\"elementor-element elementor-element-086c6be elementor-widget elementor-widget-image\" data-id=\"086c6be\" data-element_type=\"widget\" data-widget_type=\"image.default\">\n\t\t\t\t<div class=\"elementor-widget-container\">\n\t\t\t\t\t\t\t\t\t\t\t\t\t\t\t<img fetchpriority=\"high\" decoding=\"async\" width=\"1024\" height=\"1024\" src=\"https:\/\/machn-festival.de\/wp-content\/uploads\/2025\/11\/pattern26_04.svg\" class=\"attachment-large size-large wp-image-11422\" alt=\"\" \/>\t\t\t\t\t\t\t\t\t\t\t\t\t\t\t<\/div>\n\t\t\t\t<\/div>\n\t\t\t\t<\/div>\n\t\t\t\t<section class=\"elementor-section elementor-top-section elementor-element elementor-element-e3830c8 elementor-section-stretched elementor-section-boxed elementor-section-height-default elementor-section-height-default\" data-id=\"e3830c8\" data-element_type=\"section\" data-settings=\"{&quot;background_background&quot;:&quot;classic&quot;,&quot;stretch_section&quot;:&quot;section-stretched&quot;}\">\n\t\t\t\t\t\t<div class=\"elementor-container elementor-column-gap-no\">\n\t\t\t\t\t<div class=\"elementor-column elementor-col-100 elementor-top-column elementor-element elementor-element-4a1c6c5\" data-id=\"4a1c6c5\" data-element_type=\"column\">\n\t\t\t<div class=\"elementor-widget-wrap elementor-element-populated\">\n\t\t\t\t\t\t<section class=\"elementor-section elementor-inner-section elementor-element elementor-element-d871d0b elementor-section-full_width elementor-section-height-default elementor-section-height-default\" data-id=\"d871d0b\" data-element_type=\"section\">\n\t\t\t\t\t\t<div class=\"elementor-container elementor-column-gap-no\">\n\t\t\t\t\t<div class=\"elementor-column elementor-col-100 elementor-inner-column elementor-element elementor-element-60568dd\" data-id=\"60568dd\" data-element_type=\"column\">\n\t\t\t<div class=\"elementor-widget-wrap elementor-element-populated\">\n\t\t\t\t\t\t<div class=\"elementor-element elementor-element-c0f14c8 elementor-headline--style-highlight elementor-widget elementor-widget-animated-headline\" data-id=\"c0f14c8\" data-element_type=\"widget\" data-settings=\"{&quot;marker&quot;:&quot;double_underline&quot;,&quot;highlighted_text&quot;:&quot;Partnerbereich: Basic&quot;,&quot;headline_style&quot;:&quot;highlight&quot;,&quot;loop&quot;:&quot;yes&quot;,&quot;highlight_animation_duration&quot;:1200,&quot;highlight_iteration_delay&quot;:8000}\" data-widget_type=\"animated-headline.default\">\n\t\t\t\t<div class=\"elementor-widget-container\">\n\t\t\t\t\t\t\t<h3 class=\"elementor-headline\">\n\t\t\t\t\t<span class=\"elementor-headline-plain-text elementor-headline-text-wrapper\">Welcome to the<\/span>\n\t\t\t\t<span class=\"elementor-headline-dynamic-wrapper elementor-headline-text-wrapper\">\n\t\t\t\t\t<span class=\"elementor-headline-dynamic-text elementor-headline-text-active\">Partner Area: Basic<\/span>\n\t\t\t\t<\/span>\n\t\t\t\t<\/h3>\n\t\t\t\t\t\t<\/div>\n\t\t\t\t<\/div>\n\t\t\t\t<div class=\"elementor-element elementor-element-5a37ac0 elementor-widget__width-initial elementor-widget elementor-widget-text-editor\" data-id=\"5a37ac0\" data-element_type=\"widget\" data-widget_type=\"text-editor.default\">\n\t\t\t\t<div class=\"elementor-widget-container\">\n\t\t\t\t\t\t\t\t\t<p><span dir=\"ltr\">Templates, ready-made graphics, and the logo can be found in the <strong>Media kit or image material downloaded<\/strong> and for<strong> your own announcement <\/strong>be utilised.<\/span><\/p><p>Festivalinformationen finden Sie auf der <strong>Press release<\/strong> and in the <strong>OnePager<\/strong>.<\/p><p>Please mention and tag us in your posts. Thank you!<\/p>\t\t\t\t\t\t\t\t<\/div>\n\t\t\t\t<\/div>\n\t\t\t\t\t<\/div>\n\t\t<\/div>\n\t\t\t\t\t<\/div>\n\t\t<\/section>\n\t\t\t\t\t<\/div>\n\t\t<\/div>\n\t\t\t\t\t<\/div>\n\t\t<\/section>\n\t\t<div class=\"elementor-element elementor-element-d2fb741 e-grid e-con-boxed e-con e-parent\" data-id=\"d2fb741\" data-element_type=\"container\">\n\t\t\t\t\t<div class=\"e-con-inner\">\n\t\t\t\t<div class=\"elementor-element elementor-element-95b7717 elementor-widget elementor-widget-heading\" data-id=\"95b7717\" data-element_type=\"widget\" data-widget_type=\"heading.default\">\n\t\t\t\t<div class=\"elementor-widget-container\">\n\t\t\t\t\t<h3 class=\"elementor-heading-title elementor-size-default\">MACHN26 media kit<\/h3>\t\t\t\t<\/div>\n\t\t\t\t<\/div>\n\t\t\t\t<div class=\"elementor-element elementor-element-82c92e8 elementor-mobile-align-center elementor-widget elementor-widget-button\" data-id=\"82c92e8\" data-element_type=\"widget\" data-widget_type=\"button.default\">\n\t\t\t\t<div class=\"elementor-widget-container\">\n\t\t\t\t\t\t\t\t\t<div class=\"elementor-button-wrapper\">\n\t\t\t\t\t<a class=\"elementor-button elementor-button-link elementor-size-sm\" href=\"https:\/\/booststartupfactory-my.sharepoint.com\/:f:\/g\/personal\/patrick_machn-festival_de\/IgD1DM2YBnSFQLY--Y-PZ503AZQcySaPaOLcEs1GwFw4pco?e=AxdFt2\" target=\"_blank\">\n\t\t\t\t\t\t<span class=\"elementor-button-content-wrapper\">\n\t\t\t\t\t\t\t\t\t<span class=\"elementor-button-text\">Download media kit<\/span>\n\t\t\t\t\t<\/span>\n\t\t\t\t\t<\/a>\n\t\t\t\t<\/div>\n\t\t\t\t\t\t\t\t<\/div>\n\t\t\t\t<\/div>\n\t\t\t\t\t<\/div>\n\t\t\t\t<\/div>\n\t\t<div class=\"elementor-element elementor-element-c657f9d e-grid e-con-boxed e-con e-parent\" data-id=\"c657f9d\" data-element_type=\"container\">\n\t\t\t\t\t<div class=\"e-con-inner\">\n\t\t\t\t<div class=\"elementor-element elementor-element-b86236b elementor-widget elementor-widget-heading\" data-id=\"b86236b\" data-element_type=\"widget\" data-widget_type=\"heading.default\">\n\t\t\t\t<div class=\"elementor-widget-container\">\n\t\t\t\t\t<h3 class=\"elementor-heading-title elementor-size-default\">Image material<\/h3>\t\t\t\t<\/div>\n\t\t\t\t<\/div>\n\t\t\t\t<div class=\"elementor-element elementor-element-19e50ec elementor-mobile-align-center elementor-widget elementor-widget-button\" data-id=\"19e50ec\" data-element_type=\"widget\" data-widget_type=\"button.default\">\n\t\t\t\t<div class=\"elementor-widget-container\">\n\t\t\t\t\t\t\t\t\t<div class=\"elementor-button-wrapper\">\n\t\t\t\t\t<a class=\"elementor-button elementor-button-link elementor-size-sm\" href=\"https:\/\/booststartupfactory-my.sharepoint.com\/:f:\/g\/personal\/patrick_machn-festival_de\/IgAojLtDSzJCRZmhtpEy0kiZAY8y_W_6aJ38W4z1P2DNIH8?e=cnxVFP\" target=\"_blank\">\n\t\t\t\t\t\t<span class=\"elementor-button-content-wrapper\">\n\t\t\t\t\t\t\t\t\t<span class=\"elementor-button-text\">Photos &amp; finished graphics<\/span>\n\t\t\t\t\t<\/span>\n\t\t\t\t\t<\/a>\n\t\t\t\t<\/div>\n\t\t\t\t\t\t\t\t<\/div>\n\t\t\t\t<\/div>\n\t\t\t\t\t<\/div>\n\t\t\t\t<\/div>\n\t\t<div class=\"elementor-element elementor-element-21b73f9 e-grid e-con-boxed e-con e-parent\" data-id=\"21b73f9\" data-element_type=\"container\">\n\t\t\t\t\t<div class=\"e-con-inner\">\n\t\t\t\t<div class=\"elementor-element elementor-element-54567e4 elementor-widget elementor-widget-heading\" data-id=\"54567e4\" data-element_type=\"widget\" data-widget_type=\"heading.default\">\n\t\t\t\t<div class=\"elementor-widget-container\">\n\t\t\t\t\t<h3 class=\"elementor-heading-title elementor-size-default\">Text modules<\/h3>\t\t\t\t<\/div>\n\t\t\t\t<\/div>\n\t\t\t\t<div class=\"elementor-element elementor-element-c57819a elementor-mobile-align-center elementor-widget elementor-widget-button\" data-id=\"c57819a\" data-element_type=\"widget\" data-widget_type=\"button.default\">\n\t\t\t\t<div class=\"elementor-widget-container\">\n\t\t\t\t\t\t\t\t\t<div class=\"elementor-button-wrapper\">\n\t\t\t\t\t<a class=\"elementor-button elementor-button-link elementor-size-sm\" href=\"https:\/\/booststartupfactory-my.sharepoint.com\/:f:\/g\/personal\/patrick_machn-festival_de\/IgDi6oqtXtXOTbDR9u15_NqzAeQsVoZy5VYZLY_H6tIjPdI?e=qrYZlm\" target=\"_blank\">\n\t\t\t\t\t\t<span class=\"elementor-button-content-wrapper\">\n\t\t\t\t\t\t\t\t\t<span class=\"elementor-button-text\">Here you can find texts<\/span>\n\t\t\t\t\t<\/span>\n\t\t\t\t\t<\/a>\n\t\t\t\t<\/div>\n\t\t\t\t\t\t\t\t<\/div>\n\t\t\t\t<\/div>\n\t\t\t\t\t<\/div>\n\t\t\t\t<\/div>\n\t\t<div class=\"elementor-element elementor-element-e65a423 e-grid e-con-boxed e-con e-parent\" data-id=\"e65a423\" data-element_type=\"container\">\n\t\t\t\t\t<div class=\"e-con-inner\">\n\t\t\t\t<div class=\"elementor-element elementor-element-04b2eca elementor-widget elementor-widget-heading\" data-id=\"04b2eca\" data-element_type=\"widget\" data-widget_type=\"heading.default\">\n\t\t\t\t<div class=\"elementor-widget-container\">\n\t\t\t\t\t<h3 class=\"elementor-heading-title elementor-size-default\">Information material<\/h3>\t\t\t\t<\/div>\n\t\t\t\t<\/div>\n\t\t\t\t<div class=\"elementor-element elementor-element-1accfa1 elementor-mobile-align-center elementor-widget elementor-widget-button\" data-id=\"1accfa1\" data-element_type=\"widget\" data-widget_type=\"button.default\">\n\t\t\t\t<div class=\"elementor-widget-container\">\n\t\t\t\t\t\t\t\t\t<div class=\"elementor-button-wrapper\">\n\t\t\t\t\t<a class=\"elementor-button elementor-button-link elementor-size-sm\" href=\"https:\/\/machn-festival.de\/wp-content\/uploads\/2026\/03\/MACHN26-OnePage-B2B.pdf\" target=\"_blank\">\n\t\t\t\t\t\t<span class=\"elementor-button-content-wrapper\">\n\t\t\t\t\t\t\t\t\t<span class=\"elementor-button-text\">All about MACHN - Onepager (pdf)<\/span>\n\t\t\t\t\t<\/span>\n\t\t\t\t\t<\/a>\n\t\t\t\t<\/div>\n\t\t\t\t\t\t\t\t<\/div>\n\t\t\t\t<\/div>\n\t\t\t\t\t<\/div>\n\t\t\t\t<\/div>\n\t\t<div class=\"elementor-element elementor-element-1899d7c e-flex e-con-boxed e-con e-parent\" data-id=\"1899d7c\" data-element_type=\"container\">\n\t\t\t\t\t<div class=\"e-con-inner\">\n\t\t<div class=\"elementor-element elementor-element-a5412c5 e-con-full e-grid e-con e-child\" data-id=\"a5412c5\" data-element_type=\"container\">\n\t\t\t\t<div class=\"elementor-element elementor-element-6403902 elementor-widget elementor-widget-heading\" data-id=\"6403902\" data-element_type=\"widget\" data-widget_type=\"heading.default\">\n\t\t\t\t<div class=\"elementor-widget-container\">\n\t\t\t\t\t<h3 class=\"elementor-heading-title elementor-size-default\">Follow us<\/h3>\t\t\t\t<\/div>\n\t\t\t\t<\/div>\n\t\t<div class=\"elementor-element elementor-element-7235bf1 e-grid e-con-full e-con e-child\" data-id=\"7235bf1\" data-element_type=\"container\">\n\t\t\t\t<div class=\"elementor-element elementor-element-0b5fe09 elementor-view-default elementor-widget elementor-widget-icon\" data-id=\"0b5fe09\" data-element_type=\"widget\" data-widget_type=\"icon.default\">\n\t\t\t\t<div class=\"elementor-widget-container\">\n\t\t\t\t\t\t\t<div class=\"elementor-icon-wrapper\">\n\t\t\t<a class=\"elementor-icon\" href=\"https:\/\/www.instagram.com\/machn.festival\/\" target=\"_blank\">\n\t\t\t<i aria-hidden=\"true\" class=\"fab fa-instagram\"><\/i>\t\t\t<\/a>\n\t\t<\/div>\n\t\t\t\t\t\t<\/div>\n\t\t\t\t<\/div>\n\t\t\t\t<div class=\"elementor-element elementor-element-7d8d403 elementor-view-default elementor-widget elementor-widget-icon\" data-id=\"7d8d403\" data-element_type=\"widget\" data-widget_type=\"icon.default\">\n\t\t\t\t<div class=\"elementor-widget-container\">\n\t\t\t\t\t\t\t<div class=\"elementor-icon-wrapper\">\n\t\t\t<a class=\"elementor-icon\" href=\"https:\/\/www.linkedin.com\/showcase\/machn-festival\/\" target=\"_blank\">\n\t\t\t<i aria-hidden=\"true\" class=\"fab fa-linkedin\"><\/i>\t\t\t<\/a>\n\t\t<\/div>\n\t\t\t\t\t\t<\/div>\n\t\t\t\t<\/div>\n\t\t\t\t<\/div>\n\t\t\t\t<\/div>\n\t\t\t\t<div class=\"elementor-element elementor-element-01cef86 elementor-widget-divider--view-line elementor-widget elementor-widget-divider\" data-id=\"01cef86\" data-element_type=\"widget\" data-widget_type=\"divider.default\">\n\t\t\t\t<div class=\"elementor-widget-container\">\n\t\t\t\t\t\t\t<div class=\"elementor-divider\">\n\t\t\t<span class=\"elementor-divider-separator\">\n\t\t\t\t\t\t<\/span>\n\t\t<\/div>\n\t\t\t\t\t\t<\/div>\n\t\t\t\t<\/div>\n\t\t\t\t\t<\/div>\n\t\t\t\t<\/div>\n\t\t\t\t<\/div>","protected":false},"excerpt":{"rendered":"<p>Willkommen im Partnerbereich: Basic Vorlagen, fertige Grafiken und das Logo k\u00f6nnen aus dem Media-Kit oder Bildmaterial heruntergeladen und f\u00fcr eure eigene Ank\u00fcndigung genutzt werden. Alle Infos<span class=\"excerpt-hellip\"> [\u2026]<\/span><\/p>\n","protected":false},"author":3,"featured_media":11239,"parent":0,"menu_order":0,"comment_status":"closed","ping_status":"closed","template":"","meta":{"inline_featured_image":false,"footnotes":""},"class_list":["post-12759","page","type-page","status-publish","has-post-thumbnail","hentry"],"yoast_head":"<!-- This site is optimized with the Yoast SEO plugin v27.2 - https:\/\/yoast.com\/product\/yoast-seo-wordpress\/ -->\n<title>Partner-Hub: Basic ~ MACHN Festival<\/title>\n<meta name=\"robots\" content=\"index, follow, max-snippet:-1, max-image-preview:large, max-video-preview:-1\" \/>\n<link rel=\"canonical\" href=\"https:\/\/machn-festival.de\/en\/partner-hub-basics\/\" \/>\n<meta property=\"og:locale\" content=\"en_GB\" \/>\n<meta property=\"og:type\" content=\"article\" \/>\n<meta property=\"og:title\" content=\"Partner-Hub: Basic ~ MACHN Festival\" \/>\n<meta property=\"og:description\" content=\"Willkommen im Partnerbereich: Basic Vorlagen, fertige Grafiken und das Logo k\u00f6nnen aus dem Media-Kit oder Bildmaterial heruntergeladen und f\u00fcr eure eigene Ank\u00fcndigung genutzt werden. Alle Infos [\u2026]\" \/>\n<meta property=\"og:url\" content=\"https:\/\/machn-festival.de\/en\/partner-hub-basics\/\" \/>\n<meta property=\"og:site_name\" content=\"MACHN Festival\" \/>\n<meta property=\"article:modified_time\" content=\"2026-04-09T07:15:10+00:00\" \/>\n<meta property=\"og:image\" content=\"https:\/\/machn-festival.de\/wp-content\/uploads\/2025\/11\/websitepreview_MACHN26_01.png\" \/>\n\t<meta property=\"og:image:width\" content=\"1711\" \/>\n\t<meta property=\"og:image:height\" content=\"900\" \/>\n\t<meta property=\"og:image:type\" content=\"image\/png\" \/>\n<meta name=\"twitter:card\" content=\"summary_large_image\" \/>\n<meta name=\"twitter:label1\" content=\"Estimated reading time\" \/>\n\t<meta name=\"twitter:data1\" content=\"1 minute\" \/>\n<script type=\"application\/ld+json\" class=\"yoast-schema-graph\">{\"@context\":\"https:\/\/schema.org\",\"@graph\":[{\"@type\":\"WebPage\",\"@id\":\"https:\/\/machn-festival.de\/partner-hub-basic\/\",\"url\":\"https:\/\/machn-festival.de\/partner-hub-basic\/\",\"name\":\"Partner-Hub: Basic ~ MACHN Festival\",\"isPartOf\":{\"@id\":\"https:\/\/machn-festival.de\/#website\"},\"primaryImageOfPage\":{\"@id\":\"https:\/\/machn-festival.de\/partner-hub-basic\/#primaryimage\"},\"image\":{\"@id\":\"https:\/\/machn-festival.de\/partner-hub-basic\/#primaryimage\"},\"thumbnailUrl\":\"https:\/\/machn-festival.de\/wp-content\/uploads\/2025\/11\/websitepreview_MACHN26_01.png\",\"datePublished\":\"2026-03-04T14:38:23+00:00\",\"dateModified\":\"2026-04-09T07:15:10+00:00\",\"breadcrumb\":{\"@id\":\"https:\/\/machn-festival.de\/partner-hub-basic\/#breadcrumb\"},\"inLanguage\":\"en-GB\",\"potentialAction\":[{\"@type\":\"ReadAction\",\"target\":[\"https:\/\/machn-festival.de\/partner-hub-basic\/\"]}]},{\"@type\":\"ImageObject\",\"inLanguage\":\"en-GB\",\"@id\":\"https:\/\/machn-festival.de\/partner-hub-basic\/#primaryimage\",\"url\":\"https:\/\/machn-festival.de\/wp-content\/uploads\/2025\/11\/websitepreview_MACHN26_01.png\",\"contentUrl\":\"https:\/\/machn-festival.de\/wp-content\/uploads\/2025\/11\/websitepreview_MACHN26_01.png\",\"width\":1711,\"height\":900},{\"@type\":\"BreadcrumbList\",\"@id\":\"https:\/\/machn-festival.de\/partner-hub-basic\/#breadcrumb\",\"itemListElement\":[{\"@type\":\"ListItem\",\"position\":1,\"name\":\"Startseite\",\"item\":\"https:\/\/machn-festival.de\/\"},{\"@type\":\"ListItem\",\"position\":2,\"name\":\"Partner-Hub: Basic\"}]},{\"@type\":\"WebSite\",\"@id\":\"https:\/\/machn-festival.de\/#website\",\"url\":\"https:\/\/machn-festival.de\/\",\"name\":\"MACHN Festival\",\"description\":\"Das bessere Business-Festival\",\"publisher\":{\"@id\":\"https:\/\/machn-festival.de\/#organization\"},\"potentialAction\":[{\"@type\":\"SearchAction\",\"target\":{\"@type\":\"EntryPoint\",\"urlTemplate\":\"https:\/\/machn-festival.de\/?s={search_term_string}\"},\"query-input\":{\"@type\":\"PropertyValueSpecification\",\"valueRequired\":true,\"valueName\":\"search_term_string\"}}],\"inLanguage\":\"en-GB\"},{\"@type\":\"Organization\",\"@id\":\"https:\/\/machn-festival.de\/#organization\",\"name\":\"MACHN Festival\",\"url\":\"https:\/\/machn-festival.de\/\",\"logo\":{\"@type\":\"ImageObject\",\"inLanguage\":\"en-GB\",\"@id\":\"https:\/\/machn-festival.de\/#\/schema\/logo\/image\/\",\"url\":\"https:\/\/machn-festival.de\/wp-content\/uploads\/2025\/09\/Logo26-blck.png\",\"contentUrl\":\"https:\/\/machn-festival.de\/wp-content\/uploads\/2025\/09\/Logo26-blck.png\",\"width\":1000,\"height\":240,\"caption\":\"MACHN Festival\"},\"image\":{\"@id\":\"https:\/\/machn-festival.de\/#\/schema\/logo\/image\/\"},\"sameAs\":[\"https:\/\/www.instagram.com\/machn.festival\/\",\"https:\/\/www.linkedin.com\/company\/machn-festival\/\"]}]}<\/script>\n<!-- \/ Yoast SEO plugin. -->","yoast_head_json":{"title":"Partner-Hub: Basic ~ MACHN Festival","robots":{"index":"index","follow":"follow","max-snippet":"max-snippet:-1","max-image-preview":"max-image-preview:large","max-video-preview":"max-video-preview:-1"},"canonical":"https:\/\/machn-festival.de\/en\/partner-hub-basics\/","og_locale":"en_GB","og_type":"article","og_title":"Partner-Hub: Basic ~ MACHN Festival","og_description":"Willkommen im Partnerbereich: Basic Vorlagen, fertige Grafiken und das Logo k\u00f6nnen aus dem Media-Kit oder Bildmaterial heruntergeladen und f\u00fcr eure eigene Ank\u00fcndigung genutzt werden. Alle Infos [\u2026]","og_url":"https:\/\/machn-festival.de\/en\/partner-hub-basics\/","og_site_name":"MACHN Festival","article_modified_time":"2026-04-09T07:15:10+00:00","og_image":[{"width":1711,"height":900,"url":"https:\/\/machn-festival.de\/wp-content\/uploads\/2025\/11\/websitepreview_MACHN26_01.png","type":"image\/png"}],"twitter_card":"summary_large_image","twitter_misc":{"Estimated reading time":"1 minute"},"schema":{"@context":"https:\/\/schema.org","@graph":[{"@type":"WebPage","@id":"https:\/\/machn-festival.de\/partner-hub-basic\/","url":"https:\/\/machn-festival.de\/partner-hub-basic\/","name":"Partner-Hub: Basic ~ MACHN Festival","isPartOf":{"@id":"https:\/\/machn-festival.de\/#website"},"primaryImageOfPage":{"@id":"https:\/\/machn-festival.de\/partner-hub-basic\/#primaryimage"},"image":{"@id":"https:\/\/machn-festival.de\/partner-hub-basic\/#primaryimage"},"thumbnailUrl":"https:\/\/machn-festival.de\/wp-content\/uploads\/2025\/11\/websitepreview_MACHN26_01.png","datePublished":"2026-03-04T14:38:23+00:00","dateModified":"2026-04-09T07:15:10+00:00","breadcrumb":{"@id":"https:\/\/machn-festival.de\/partner-hub-basic\/#breadcrumb"},"inLanguage":"en-GB","potentialAction":[{"@type":"ReadAction","target":["https:\/\/machn-festival.de\/partner-hub-basic\/"]}]},{"@type":"ImageObject","inLanguage":"en-GB","@id":"https:\/\/machn-festival.de\/partner-hub-basic\/#primaryimage","url":"https:\/\/machn-festival.de\/wp-content\/uploads\/2025\/11\/websitepreview_MACHN26_01.png","contentUrl":"https:\/\/machn-festival.de\/wp-content\/uploads\/2025\/11\/websitepreview_MACHN26_01.png","width":1711,"height":900},{"@type":"BreadcrumbList","@id":"https:\/\/machn-festival.de\/partner-hub-basic\/#breadcrumb","itemListElement":[{"@type":"ListItem","position":1,"name":"Startseite","item":"https:\/\/machn-festival.de\/"},{"@type":"ListItem","position":2,"name":"Partner-Hub: Basic"}]},{"@type":"WebSite","@id":"https:\/\/machn-festival.de\/#website","url":"https:\/\/machn-festival.de\/","name":"MACHN Festival","description":"The better business festival","publisher":{"@id":"https:\/\/machn-festival.de\/#organization"},"potentialAction":[{"@type":"SearchAction","target":{"@type":"EntryPoint","urlTemplate":"https:\/\/machn-festival.de\/?s={search_term_string}"},"query-input":{"@type":"PropertyValueSpecification","valueRequired":true,"valueName":"search_term_string"}}],"inLanguage":"en-GB"},{"@type":"Organization","@id":"https:\/\/machn-festival.de\/#organization","name":"MACHN Festival","url":"https:\/\/machn-festival.de\/","logo":{"@type":"ImageObject","inLanguage":"en-GB","@id":"https:\/\/machn-festival.de\/#\/schema\/logo\/image\/","url":"https:\/\/machn-festival.de\/wp-content\/uploads\/2025\/09\/Logo26-blck.png","contentUrl":"https:\/\/machn-festival.de\/wp-content\/uploads\/2025\/09\/Logo26-blck.png","width":1000,"height":240,"caption":"MACHN Festival"},"image":{"@id":"https:\/\/machn-festival.de\/#\/schema\/logo\/image\/"},"sameAs":["https:\/\/www.instagram.com\/machn.festival\/","https:\/\/www.linkedin.com\/company\/machn-festival\/"]}]}},"_links":{"self":[{"href":"https:\/\/machn-festival.de\/en\/wp-json\/wp\/v2\/pages\/12759","targetHints":{"allow":["GET"]}}],"collection":[{"href":"https:\/\/machn-festival.de\/en\/wp-json\/wp\/v2\/pages"}],"about":[{"href":"https:\/\/machn-festival.de\/en\/wp-json\/wp\/v2\/types\/page"}],"author":[{"embeddable":true,"href":"https:\/\/machn-festival.de\/en\/wp-json\/wp\/v2\/users\/3"}],"replies":[{"embeddable":true,"href":"https:\/\/machn-festival.de\/en\/wp-json\/wp\/v2\/comments?post=12759"}],"version-history":[{"count":15,"href":"https:\/\/machn-festival.de\/en\/wp-json\/wp\/v2\/pages\/12759\/revisions"}],"predecessor-version":[{"id":13516,"href":"https:\/\/machn-festival.de\/en\/wp-json\/wp\/v2\/pages\/12759\/revisions\/13516"}],"wp:featuredmedia":[{"embeddable":true,"href":"https:\/\/machn-festival.de\/en\/wp-json\/wp\/v2\/media\/11239"}],"wp:attachment":[{"href":"https:\/\/machn-festival.de\/en\/wp-json\/wp\/v2\/media?parent=12759"}],"curies":[{"name":"wp","href":"https:\/\/api.w.org\/{rel}","templated":true}]}}